



{"id":1942,"date":"2023-04-03T20:36:56","date_gmt":"2023-04-03T18:36:56","guid":{"rendered":"https:\/\/lccp.bgs-tech.com\/blog\/?page_id=1942"},"modified":"2024-02-23T14:25:00","modified_gmt":"2024-02-23T13:25:00","slug":"home","status":"publish","type":"page","link":"https:\/\/lccp.bgs-tech.com\/blog\/home\/?lang=fr","title":{"rendered":"Home"},"content":{"rendered":"<div class=\"wpb-content-wrapper\"><p>[vc_section full_width=&#8221;stretch_row&#8221; full_height=&#8221;yes&#8221;][vc_row][vc_column][vc_column_text]<\/p>\n<h1 style=\"text-align: center;\"><span class=\"trait\">NEWS DE<\/span><br \/>\n<span class=\"trait_before\">L&#8217;\u00c9CONOMIE CIRCULAIRE.<\/span><\/h1>\n<p>[\/vc_column_text][\/vc_column][\/vc_row][vc_row][vc_column][vc_column_text]<ul id=\"categories\"><li class=\"active\"><a href=\"#\" data-cat-id=\"all\">Home<\/a><\/li><li><a href=\"#\" data-cat-id=\"89\">Circular economy at Lexmark<\/a><\/li><li><a href=\"#\" data-cat-id=\"90\">Printer and cartridge solutions<\/a><\/li><li><a href=\"#\" data-cat-id=\"91\">Sustainable innovations<\/a><\/li><\/ul><div id=\"description-category\"><p class=\"\">Explore our stories of innovation, collaboration and environmental stewardship that shape our commitment to a more sustainable future.<p><\/div>[\/vc_column_text][\/vc_column][\/vc_row][vc_row][vc_column width=&#8221;1\/4&#8243; el_id=&#8221;section-title&#8221;][vc_column_text]<strong>Les articles plus r\u00e9cents<\/strong>[\/vc_column_text][\/vc_column][vc_column width=&#8221;3\/4&#8243;][vc_single_image image=&#8221;1030&#8243; img_size=&#8221;full&#8221;][\/vc_column][\/vc_row][vc_row][vc_column][vc_raw_html]JTNDZGl2JTIwaWQlM0QlMjJjYXRlZ29yeS1wb3N0cyUyMiUzRSUzQyUyRmRpdiUzRQ==[\/vc_raw_html][\/vc_column][\/vc_row][vc_row][vc_column][vc_btn title=&#8221;VOIR PLUS D&#8217;ARTICLES&#8221; style=&#8221;custom&#8221; custom_background=&#8221;#018141&#8243; custom_text=&#8221;#ffffff&#8221; shape=&#8221;round&#8221; align=&#8221;center&#8221; button_block=&#8221;true&#8221; el_id=&#8221;load-more-posts&#8221;][\/vc_column][\/vc_row][\/vc_section][vc_section][vc_row][vc_column]<div class=\"ult-spacer spacer-69f58bb84c22b\" data-id=\"69f58bb84c22b\" data-height=\"50\" data-height-mobile=\"50\" data-height-tab=\"50\" data-height-tab-portrait=\"\" data-height-mobile-landscape=\"\" style=\"clear:both;display:block;\"><\/div>[\/vc_column][\/vc_row][vc_row el_id=&#8221;videos&#8221;][vc_column width=&#8221;2\/3&#8243;][vc_raw_html]JTNDaWZyYW1lJTIwaWQlM0QlMjJpZnJhbWVWaWRlb3MlMjIlMjB3aWR0aCUzRCUyMjEwMCUyNSUyMiUyMGhlaWdodCUzRCUyMjM5OSUyMiUyMHNyYyUzRCUyMmh0dHBzJTNBJTJGJTJGd3d3LnlvdXR1YmUuY29tJTJGZW1iZWQlMkY0YzZqTTZ4OHkzQSUzRmF1dG9wbGF5JTNEMSUyMiUyMHRpdGxlJTNEJTIyWW91VHViZSUyMHZpZGVvJTIwcGxheWVyJTIyJTIwYXV0b3BsYXklM0QlMjIwJTIyJTIwZnJhbWVib3JkZXIlM0QlMjIwJTIyJTBBJTIwJTIwJTIwJTIwJTIwJTIwJTIwJTIwJTIwJTIwJTIwJTIwJTIwJTIwJTIwJTIwYWxsb3clM0QlMjJhY2NlbGVyb21ldGVyJTNCY2xpcGJvYXJkLXdyaXRlJTNCJTIwZW5jcnlwdGVkLW1lZGlhJTNCJTIwZ3lyb3Njb3BlJTNCJTIwcGljdHVyZS1pbi1waWN0dXJlJTIyJTBBJTIwJTIwJTIwJTIwJTIwJTIwJTIwJTIwJTIwJTIwJTIwJTIwJTIwJTIwJTIwJTIwYWxsb3dmdWxsc2NyZWVuJTNFJTNDJTJGaWZyYW1lJTNF[\/vc_raw_html][vc_row_inner][vc_column_inner width=&#8221;1\/3&#8243;][vc_single_image image=&#8221;1562&#8243; img_size=&#8221;full&#8221; el_class=&#8221;vignette active&#8221; el_id=&#8221;1&#8243;][vc_column_text]La poubelle n&#8217;en peut plus[\/vc_column_text][\/vc_column_inner][vc_column_inner width=&#8221;1\/3&#8243;][vc_single_image image=&#8221;1667&#8243; img_size=&#8221;full&#8221; el_class=&#8221;vignette&#8221; el_id=&#8221;2&#8243;][vc_column_text]Les cartouches Lexmark ont plusieurs vies[\/vc_column_text][\/vc_column_inner][vc_column_inner width=&#8221;1\/3&#8243;][vc_single_image image=&#8221;1679&#8243; img_size=&#8221;full&#8221; el_class=&#8221;vignette&#8221; el_id=&#8221;3&#8243;][vc_column_text]Que sait un ordinateur de l&#8217;\u00e9conomie circulaire ?[\/vc_column_text][\/vc_column_inner][\/vc_row_inner][vc_row_inner][vc_column_inner width=&#8221;1\/3&#8243;][vc_single_image image=&#8221;1691&#8243; img_size=&#8221;full&#8221; el_class=&#8221;vignette&#8221; el_id=&#8221;4&#8243;][vc_column_text]Une imprimante sait quoi faire ![\/vc_column_text][\/vc_column_inner][vc_column_inner width=&#8221;1\/3&#8243;][vc_single_image image=&#8221;2289&#8243; img_size=&#8221;full&#8221; el_class=&#8221;vignette&#8221; el_id=&#8221;5&#8243;][vc_column_text]Le cycle de vie d&#8217;une imprimante[\/vc_column_text][\/vc_column_inner][vc_column_inner width=&#8221;1\/3&#8243;][\/vc_column_inner][\/vc_row_inner][\/vc_column][vc_column width=&#8221;1\/3&#8243;][vc_column_text]<\/p>\n<h2 class=\"tp_bold\"><span class=\"trait_before\">LEXMARK<\/span> VOUS MET DANS<span class=\"trait_before\"> LA BOUCLE !<\/span><\/h2>\n<h3 class=\"tp_bold\">Regardez ces vid\u00e9os pour en savoir plus.<\/h3>\n<p>De la collecte des cartouches \u00e0 la gamme d&#8217;imprimantes remanufactur\u00e9es Evergreen, vous saurez tout sur le hub innovant de Lexmark d\u00e9di\u00e9 \u00e0 l&#8217;\u00e9conomie circulaire[\/vc_column_text][\/vc_column][\/vc_row][\/vc_section]<\/p>\n<\/div>","protected":false},"excerpt":{"rendered":"<p>[vc_section full_width=&#8221;stretch_row&#8221; full_height=&#8221;yes&#8221;][vc_row][vc_column][vc_column_text] NEWS DE L&#8217;\u00c9CONOMIE CIRCULAIRE. [\/vc_column_text][\/vc_column][\/vc_row][vc_row][vc_column][vc_column_text][\/vc_column_text][\/vc_column][\/vc_row][vc_row][vc_column width=&#8221;1\/4&#8243; el_id=&#8221;section-title&#8221;][vc_column_text]Les articles plus r\u00e9cents[\/vc_column_text][\/vc_column][vc_column width=&#8221;3\/4&#8243;][vc_single_image image=&#8221;1030&#8243; img_size=&#8221;full&#8221;][\/vc_column][\/vc_row][vc_row][vc_column][vc_raw_html]JTNDZGl2JTIwaWQlM0QlMjJjYXRlZ29yeS1wb3N0cyUyMiUzRSUzQyUyRmRpdiUzRQ==[\/vc_raw_html][\/vc_column][\/vc_row][vc_row][vc_column][vc_btn title=&#8221;VOIR PLUS D&#8217;ARTICLES&#8221; style=&#8221;custom&#8221; custom_background=&#8221;#018141&#8243; custom_text=&#8221;#ffffff&#8221; shape=&#8221;round&#8221; align=&#8221;center&#8221; button_block=&#8221;true&#8221; el_id=&#8221;load-more-posts&#8221;][\/vc_column][\/vc_row][\/vc_section][vc_section][vc_row][vc_column][\/vc_column][\/vc_row][vc_row el_id=&#8221;videos&#8221;][vc_column width=&#8221;2\/3&#8243;][vc_raw_html]JTNDaWZyYW1lJTIwaWQlM0QlMjJpZnJhbWVWaWRlb3MlMjIlMjB3aWR0aCUzRCUyMjEwMCUyNSUyMiUyMGhlaWdodCUzRCUyMjM5OSUyMiUyMHNyYyUzRCUyMmh0dHBzJTNBJTJGJTJGd3d3LnlvdXR1YmUuY29tJTJGZW1iZWQlMkY0YzZqTTZ4OHkzQSUzRmF1dG9wbGF5JTNEMSUyMiUyMHRpdGxlJTNEJTIyWW91VHViZSUyMHZpZGVvJTIwcGxheWVyJTIyJTIwYXV0b3BsYXklM0QlMjIwJTIyJTIwZnJhbWVib3JkZXIlM0QlMjIwJTIyJTBBJTIwJTIwJTIwJTIwJTIwJTIwJTIwJTIwJTIwJTIwJTIwJTIwJTIwJTIwJTIwJTIwYWxsb3clM0QlMjJhY2NlbGVyb21ldGVyJTNCY2xpcGJvYXJkLXdyaXRlJTNCJTIwZW5jcnlwdGVkLW1lZGlhJTNCJTIwZ3lyb3Njb3BlJTNCJTIwcGljdHVyZS1pbi1waWN0dXJlJTIyJTBBJTIwJTIwJTIwJTIwJTIwJTIwJTIwJTIwJTIwJTIwJTIwJTIwJTIwJTIwJTIwJTIwYWxsb3dmdWxsc2NyZWVuJTNFJTNDJTJGaWZyYW1lJTNF[\/vc_raw_html][vc_row_inner][vc_column_inner width=&#8221;1\/3&#8243;][vc_single_image image=&#8221;1562&#8243; img_size=&#8221;full&#8221; el_class=&#8221;vignette active&#8221; el_id=&#8221;1&#8243;][vc_column_text]La poubelle n&#8217;en peut plus[\/vc_column_text][\/vc_column_inner][vc_column_inner width=&#8221;1\/3&#8243;][vc_single_image image=&#8221;1667&#8243; img_size=&#8221;full&#8221; el_class=&#8221;vignette&#8221; el_id=&#8221;2&#8243;][vc_column_text]Les cartouches Lexmark ont plusieurs vies[\/vc_column_text][\/vc_column_inner][vc_column_inner width=&#8221;1\/3&#8243;][vc_single_image image=&#8221;1679&#8243; img_size=&#8221;full&#8221; el_class=&#8221;vignette&#8221; el_id=&#8221;3&#8243;][vc_column_text]Que sait un&hellip;<\/p>\n","protected":false},"author":1,"featured_media":0,"parent":0,"menu_order":0,"comment_status":"closed","ping_status":"closed","template":"","meta":{"_acf_changed":false,"inline_featured_image":false,"footnotes":""},"class_list":["post-1942","page","type-page","status-publish","hentry","description-off"],"acf":[],"yoast_head":"<!-- This site is optimized with the Yoast SEO plugin v22.0 - https:\/\/yoast.com\/wordpress\/plugins\/seo\/ -->\n<title>Home - LCCP BLOG<\/title>\n<meta name=\"robots\" content=\"noindex, follow, max-snippet:-1, max-image-preview:large, max-video-preview:-1\" \/>\n<meta property=\"og:locale\" content=\"en_US\" \/>\n<meta property=\"og:type\" content=\"article\" \/>\n<meta property=\"og:title\" content=\"Home - LCCP BLOG\" \/>\n<meta property=\"og:description\" content=\"[vc_section full_width=&#8221;stretch_row&#8221; full_height=&#8221;yes&#8221;][vc_row][vc_column][vc_column_text] NEWS DE L&#8217;\u00c9CONOMIE CIRCULAIRE. [\/vc_column_text][\/vc_column][\/vc_row][vc_row][vc_column][vc_column_text][\/vc_column_text][\/vc_column][\/vc_row][vc_row][vc_column width=&#8221;1\/4&#8243; el_id=&#8221;section-title&#8221;][vc_column_text]Les articles plus r\u00e9cents[\/vc_column_text][\/vc_column][vc_column width=&#8221;3\/4&#8243;][vc_single_image image=&#8221;1030&#8243; img_size=&#8221;full&#8221;][\/vc_column][\/vc_row][vc_row][vc_column][vc_raw_html]JTNDZGl2JTIwaWQlM0QlMjJjYXRlZ29yeS1wb3N0cyUyMiUzRSUzQyUyRmRpdiUzRQ==[\/vc_raw_html][\/vc_column][\/vc_row][vc_row][vc_column][vc_btn title=&#8221;VOIR PLUS D&#8217;ARTICLES&#8221; style=&#8221;custom&#8221; custom_background=&#8221;#018141&#8243; custom_text=&#8221;#ffffff&#8221; shape=&#8221;round&#8221; align=&#8221;center&#8221; button_block=&#8221;true&#8221; el_id=&#8221;load-more-posts&#8221;][\/vc_column][\/vc_row][\/vc_section][vc_section][vc_row][vc_column][\/vc_column][\/vc_row][vc_row el_id=&#8221;videos&#8221;][vc_column width=&#8221;2\/3&#8243;][vc_raw_html]JTNDaWZyYW1lJTIwaWQlM0QlMjJpZnJhbWVWaWRlb3MlMjIlMjB3aWR0aCUzRCUyMjEwMCUyNSUyMiUyMGhlaWdodCUzRCUyMjM5OSUyMiUyMHNyYyUzRCUyMmh0dHBzJTNBJTJGJTJGd3d3LnlvdXR1YmUuY29tJTJGZW1iZWQlMkY0YzZqTTZ4OHkzQSUzRmF1dG9wbGF5JTNEMSUyMiUyMHRpdGxlJTNEJTIyWW91VHViZSUyMHZpZGVvJTIwcGxheWVyJTIyJTIwYXV0b3BsYXklM0QlMjIwJTIyJTIwZnJhbWVib3JkZXIlM0QlMjIwJTIyJTBBJTIwJTIwJTIwJTIwJTIwJTIwJTIwJTIwJTIwJTIwJTIwJTIwJTIwJTIwJTIwJTIwYWxsb3clM0QlMjJhY2NlbGVyb21ldGVyJTNCY2xpcGJvYXJkLXdyaXRlJTNCJTIwZW5jcnlwdGVkLW1lZGlhJTNCJTIwZ3lyb3Njb3BlJTNCJTIwcGljdHVyZS1pbi1waWN0dXJlJTIyJTBBJTIwJTIwJTIwJTIwJTIwJTIwJTIwJTIwJTIwJTIwJTIwJTIwJTIwJTIwJTIwJTIwYWxsb3dmdWxsc2NyZWVuJTNFJTNDJTJGaWZyYW1lJTNF[\/vc_raw_html][vc_row_inner][vc_column_inner width=&#8221;1\/3&#8243;][vc_single_image image=&#8221;1562&#8243; img_size=&#8221;full&#8221; el_class=&#8221;vignette active&#8221; el_id=&#8221;1&#8243;][vc_column_text]La poubelle n&#8217;en peut plus[\/vc_column_text][\/vc_column_inner][vc_column_inner width=&#8221;1\/3&#8243;][vc_single_image image=&#8221;1667&#8243; img_size=&#8221;full&#8221; el_class=&#8221;vignette&#8221; el_id=&#8221;2&#8243;][vc_column_text]Les cartouches Lexmark ont plusieurs vies[\/vc_column_text][\/vc_column_inner][vc_column_inner width=&#8221;1\/3&#8243;][vc_single_image image=&#8221;1679&#8243; img_size=&#8221;full&#8221; el_class=&#8221;vignette&#8221; el_id=&#8221;3&#8243;][vc_column_text]Que sait un&hellip;\" \/>\n<meta property=\"og:url\" content=\"https:\/\/lccp.bgs-tech.com\/blog\/home\/?lang=fr\" \/>\n<meta property=\"og:site_name\" content=\"LCCP BLOG\" \/>\n<meta property=\"article:publisher\" content=\"https:\/\/www.facebook.com\/LexmarkNews\" \/>\n<meta property=\"article:modified_time\" content=\"2024-02-23T13:25:00+00:00\" \/>\n<meta name=\"twitter:card\" content=\"summary_large_image\" \/>\n<meta name=\"twitter:site\" content=\"@lexmark\" \/>\n<meta name=\"twitter:label1\" content=\"Est. reading time\" \/>\n\t<meta name=\"twitter:data1\" content=\"2 minutes\" \/>\n<script type=\"application\/ld+json\" class=\"yoast-schema-graph\">{\"@context\":\"https:\/\/schema.org\",\"@graph\":[{\"@type\":\"WebPage\",\"@id\":\"https:\/\/lccp.bgs-tech.com\/blog\/home\/?lang=fr\",\"url\":\"https:\/\/lccp.bgs-tech.com\/blog\/home\/?lang=fr\",\"name\":\"Home - LCCP BLOG\",\"isPartOf\":{\"@id\":\"https:\/\/lccp.bgs-tech.com\/blog\/?lang=en\/#website\"},\"datePublished\":\"2023-04-03T18:36:56+00:00\",\"dateModified\":\"2024-02-23T13:25:00+00:00\",\"breadcrumb\":{\"@id\":\"https:\/\/lccp.bgs-tech.com\/blog\/home\/?lang=fr#breadcrumb\"},\"inLanguage\":\"en-US\",\"potentialAction\":[{\"@type\":\"ReadAction\",\"target\":[\"https:\/\/lccp.bgs-tech.com\/blog\/home\/?lang=fr\"]}]},{\"@type\":\"BreadcrumbList\",\"@id\":\"https:\/\/lccp.bgs-tech.com\/blog\/home\/?lang=fr#breadcrumb\",\"itemListElement\":[{\"@type\":\"ListItem\",\"position\":1,\"name\":\"Accueil\",\"item\":\"https:\/\/lccp.bgs-tech.com\/blog\/\"},{\"@type\":\"ListItem\",\"position\":2,\"name\":\"Home\"}]},{\"@type\":\"WebSite\",\"@id\":\"https:\/\/lccp.bgs-tech.com\/blog\/?lang=en\/#website\",\"url\":\"https:\/\/lccp.bgs-tech.com\/blog\/?lang=en\/\",\"name\":\"LCCP BLOG\",\"description\":\"\",\"publisher\":{\"@id\":\"https:\/\/lccp.bgs-tech.com\/blog\/?lang=en\/#organization\"},\"potentialAction\":[{\"@type\":\"SearchAction\",\"target\":{\"@type\":\"EntryPoint\",\"urlTemplate\":\"https:\/\/lccp.bgs-tech.com\/blog\/?lang=en\/?s={search_term_string}\"},\"query-input\":\"required name=search_term_string\"}],\"inLanguage\":\"en-US\"},{\"@type\":\"Organization\",\"@id\":\"https:\/\/lccp.bgs-tech.com\/blog\/?lang=en\/#organization\",\"name\":\"LCCP BLOG\",\"url\":\"https:\/\/lccp.bgs-tech.com\/blog\/?lang=en\/\",\"logo\":{\"@type\":\"ImageObject\",\"inLanguage\":\"en-US\",\"@id\":\"https:\/\/lccp.bgs-tech.com\/blog\/?lang=en\/#\/schema\/logo\/image\/\",\"url\":\"https:\/\/lccp.bgs-tech.com\/blog\/wp-content\/uploads\/2023\/04\/logo_lexmark.png\",\"contentUrl\":\"https:\/\/lccp.bgs-tech.com\/blog\/wp-content\/uploads\/2023\/04\/logo_lexmark.png\",\"width\":71,\"height\":15,\"caption\":\"LCCP BLOG\"},\"image\":{\"@id\":\"https:\/\/lccp.bgs-tech.com\/blog\/?lang=en\/#\/schema\/logo\/image\/\"},\"sameAs\":[\"https:\/\/www.facebook.com\/LexmarkNews\",\"https:\/\/twitter.com\/lexmark\",\"https:\/\/www.linkedin.com\/company\/lexmark\/\",\"https:\/\/www.youtube.com\/user\/LexmarkNews\"]}]}<\/script>\n<!-- \/ Yoast SEO plugin. -->","yoast_head_json":{"title":"Home - LCCP BLOG","robots":{"index":"noindex","follow":"follow","max-snippet":"max-snippet:-1","max-image-preview":"max-image-preview:large","max-video-preview":"max-video-preview:-1"},"og_locale":"en_US","og_type":"article","og_title":"Home - LCCP BLOG","og_description":"[vc_section full_width=&#8221;stretch_row&#8221; full_height=&#8221;yes&#8221;][vc_row][vc_column][vc_column_text] NEWS DE L&#8217;\u00c9CONOMIE CIRCULAIRE. [\/vc_column_text][\/vc_column][\/vc_row][vc_row][vc_column][vc_column_text][\/vc_column_text][\/vc_column][\/vc_row][vc_row][vc_column width=&#8221;1\/4&#8243; el_id=&#8221;section-title&#8221;][vc_column_text]Les articles plus r\u00e9cents[\/vc_column_text][\/vc_column][vc_column width=&#8221;3\/4&#8243;][vc_single_image image=&#8221;1030&#8243; img_size=&#8221;full&#8221;][\/vc_column][\/vc_row][vc_row][vc_column][vc_raw_html]JTNDZGl2JTIwaWQlM0QlMjJjYXRlZ29yeS1wb3N0cyUyMiUzRSUzQyUyRmRpdiUzRQ==[\/vc_raw_html][\/vc_column][\/vc_row][vc_row][vc_column][vc_btn title=&#8221;VOIR PLUS D&#8217;ARTICLES&#8221; style=&#8221;custom&#8221; custom_background=&#8221;#018141&#8243; custom_text=&#8221;#ffffff&#8221; shape=&#8221;round&#8221; align=&#8221;center&#8221; button_block=&#8221;true&#8221; el_id=&#8221;load-more-posts&#8221;][\/vc_column][\/vc_row][\/vc_section][vc_section][vc_row][vc_column][\/vc_column][\/vc_row][vc_row el_id=&#8221;videos&#8221;][vc_column width=&#8221;2\/3&#8243;][vc_raw_html]JTNDaWZyYW1lJTIwaWQlM0QlMjJpZnJhbWVWaWRlb3MlMjIlMjB3aWR0aCUzRCUyMjEwMCUyNSUyMiUyMGhlaWdodCUzRCUyMjM5OSUyMiUyMHNyYyUzRCUyMmh0dHBzJTNBJTJGJTJGd3d3LnlvdXR1YmUuY29tJTJGZW1iZWQlMkY0YzZqTTZ4OHkzQSUzRmF1dG9wbGF5JTNEMSUyMiUyMHRpdGxlJTNEJTIyWW91VHViZSUyMHZpZGVvJTIwcGxheWVyJTIyJTIwYXV0b3BsYXklM0QlMjIwJTIyJTIwZnJhbWVib3JkZXIlM0QlMjIwJTIyJTBBJTIwJTIwJTIwJTIwJTIwJTIwJTIwJTIwJTIwJTIwJTIwJTIwJTIwJTIwJTIwJTIwYWxsb3clM0QlMjJhY2NlbGVyb21ldGVyJTNCY2xpcGJvYXJkLXdyaXRlJTNCJTIwZW5jcnlwdGVkLW1lZGlhJTNCJTIwZ3lyb3Njb3BlJTNCJTIwcGljdHVyZS1pbi1waWN0dXJlJTIyJTBBJTIwJTIwJTIwJTIwJTIwJTIwJTIwJTIwJTIwJTIwJTIwJTIwJTIwJTIwJTIwJTIwYWxsb3dmdWxsc2NyZWVuJTNFJTNDJTJGaWZyYW1lJTNF[\/vc_raw_html][vc_row_inner][vc_column_inner width=&#8221;1\/3&#8243;][vc_single_image image=&#8221;1562&#8243; img_size=&#8221;full&#8221; el_class=&#8221;vignette active&#8221; el_id=&#8221;1&#8243;][vc_column_text]La poubelle n&#8217;en peut plus[\/vc_column_text][\/vc_column_inner][vc_column_inner width=&#8221;1\/3&#8243;][vc_single_image image=&#8221;1667&#8243; img_size=&#8221;full&#8221; el_class=&#8221;vignette&#8221; el_id=&#8221;2&#8243;][vc_column_text]Les cartouches Lexmark ont plusieurs vies[\/vc_column_text][\/vc_column_inner][vc_column_inner width=&#8221;1\/3&#8243;][vc_single_image image=&#8221;1679&#8243; img_size=&#8221;full&#8221; el_class=&#8221;vignette&#8221; el_id=&#8221;3&#8243;][vc_column_text]Que sait un&hellip;","og_url":"https:\/\/lccp.bgs-tech.com\/blog\/home\/?lang=fr","og_site_name":"LCCP BLOG","article_publisher":"https:\/\/www.facebook.com\/LexmarkNews","article_modified_time":"2024-02-23T13:25:00+00:00","twitter_card":"summary_large_image","twitter_site":"@lexmark","twitter_misc":{"Est. reading time":"2 minutes"},"schema":{"@context":"https:\/\/schema.org","@graph":[{"@type":"WebPage","@id":"https:\/\/lccp.bgs-tech.com\/blog\/home\/?lang=fr","url":"https:\/\/lccp.bgs-tech.com\/blog\/home\/?lang=fr","name":"Home - LCCP BLOG","isPartOf":{"@id":"https:\/\/lccp.bgs-tech.com\/blog\/?lang=en\/#website"},"datePublished":"2023-04-03T18:36:56+00:00","dateModified":"2024-02-23T13:25:00+00:00","breadcrumb":{"@id":"https:\/\/lccp.bgs-tech.com\/blog\/home\/?lang=fr#breadcrumb"},"inLanguage":"en-US","potentialAction":[{"@type":"ReadAction","target":["https:\/\/lccp.bgs-tech.com\/blog\/home\/?lang=fr"]}]},{"@type":"BreadcrumbList","@id":"https:\/\/lccp.bgs-tech.com\/blog\/home\/?lang=fr#breadcrumb","itemListElement":[{"@type":"ListItem","position":1,"name":"Accueil","item":"https:\/\/lccp.bgs-tech.com\/blog\/"},{"@type":"ListItem","position":2,"name":"Home"}]},{"@type":"WebSite","@id":"https:\/\/lccp.bgs-tech.com\/blog\/?lang=en\/#website","url":"https:\/\/lccp.bgs-tech.com\/blog\/?lang=en\/","name":"LCCP BLOG","description":"","publisher":{"@id":"https:\/\/lccp.bgs-tech.com\/blog\/?lang=en\/#organization"},"potentialAction":[{"@type":"SearchAction","target":{"@type":"EntryPoint","urlTemplate":"https:\/\/lccp.bgs-tech.com\/blog\/?lang=en\/?s={search_term_string}"},"query-input":"required name=search_term_string"}],"inLanguage":"en-US"},{"@type":"Organization","@id":"https:\/\/lccp.bgs-tech.com\/blog\/?lang=en\/#organization","name":"LCCP BLOG","url":"https:\/\/lccp.bgs-tech.com\/blog\/?lang=en\/","logo":{"@type":"ImageObject","inLanguage":"en-US","@id":"https:\/\/lccp.bgs-tech.com\/blog\/?lang=en\/#\/schema\/logo\/image\/","url":"https:\/\/lccp.bgs-tech.com\/blog\/wp-content\/uploads\/2023\/04\/logo_lexmark.png","contentUrl":"https:\/\/lccp.bgs-tech.com\/blog\/wp-content\/uploads\/2023\/04\/logo_lexmark.png","width":71,"height":15,"caption":"LCCP BLOG"},"image":{"@id":"https:\/\/lccp.bgs-tech.com\/blog\/?lang=en\/#\/schema\/logo\/image\/"},"sameAs":["https:\/\/www.facebook.com\/LexmarkNews","https:\/\/twitter.com\/lexmark","https:\/\/www.linkedin.com\/company\/lexmark\/","https:\/\/www.youtube.com\/user\/LexmarkNews"]}]}},"_links":{"self":[{"href":"https:\/\/lccp.bgs-tech.com\/blog\/wp-json\/wp\/v2\/pages\/1942","targetHints":{"allow":["GET"]}}],"collection":[{"href":"https:\/\/lccp.bgs-tech.com\/blog\/wp-json\/wp\/v2\/pages"}],"about":[{"href":"https:\/\/lccp.bgs-tech.com\/blog\/wp-json\/wp\/v2\/types\/page"}],"author":[{"embeddable":true,"href":"https:\/\/lccp.bgs-tech.com\/blog\/wp-json\/wp\/v2\/users\/1"}],"replies":[{"embeddable":true,"href":"https:\/\/lccp.bgs-tech.com\/blog\/wp-json\/wp\/v2\/comments?post=1942"}],"version-history":[{"count":7,"href":"https:\/\/lccp.bgs-tech.com\/blog\/wp-json\/wp\/v2\/pages\/1942\/revisions"}],"predecessor-version":[{"id":2348,"href":"https:\/\/lccp.bgs-tech.com\/blog\/wp-json\/wp\/v2\/pages\/1942\/revisions\/2348"}],"wp:attachment":[{"href":"https:\/\/lccp.bgs-tech.com\/blog\/wp-json\/wp\/v2\/media?parent=1942"}],"curies":[{"name":"wp","href":"https:\/\/api.w.org\/{rel}","templated":true}]}}